{"id":2,"date":"2024-04-01T08:51:04","date_gmt":"2024-04-01T08:51:04","guid":{"rendered":"http:\/\/kvvt.no\/?page_id=2"},"modified":"2024-06-22T15:06:40","modified_gmt":"2024-06-22T15:06:40","slug":"vaktmester-telemark","status":"publish","type":"page","link":"https:\/\/kvvt.no\/","title":{"rendered":"Heim"},"content":{"rendered":"<p>[et_pb_section fb_built=&#8221;1&#8243; admin_label=&#8221;Hero&#8221; _builder_version=&#8221;4.24.3&#8243; _module_preset=&#8221;74c69059-8e69-4122-b1e6-dfeabf6c5711&#8243; use_background_color_gradient=&#8221;on&#8221; background_color_gradient_stops=&#8221;rgba(0,0,0,0.6) 0%|rgba(0,0,0,0.9) 100%&#8221; background_color_gradient_overlays_image=&#8221;on&#8221; background_color_gradient_start=&#8221;rgba(0,0,0,0.5)&#8221; background_color_gradient_end=&#8221;rgba(0,0,0,0.75)&#8221; background_image=&#8221;https:\/\/kvvt.no\/wp-content\/uploads\/2024\/04\/0-99122705-acde-4cad-90ca-797955face4f-1920&#215;1080.jpg&#8221; custom_padding=&#8221;8vw||8vw||true|false&#8221; locked=&#8221;off&#8221; collapsed=&#8221;on&#8221; global_colors_info=&#8221;{}&#8221;][et_pb_row column_structure=&#8221;2_3,1_3&#8243; _builder_version=&#8221;4.18.0&#8243; _module_preset=&#8221;5138c454-be54-4233-bd3b-f8e6a8747976&#8243; global_colors_info=&#8221;{}&#8221;][et_pb_column type=&#8221;2_3&#8243; _builder_version=&#8221;4.16&#8243; _module_preset=&#8221;73121f80-a3ef-4484-8763-c3f18e3c56d2&#8243; global_colors_info=&#8221;{}&#8221;][et_pb_heading title=&#8221;Velkomen til Kviteseid Vaktmestertjenester AS&#8221; _builder_version=&#8221;4.25.2&#8243; _module_preset=&#8221;f0c675ea-2574-4d0e-b725-30f8550a8550&#8243; title_level=&#8221;h4&#8243; title_font=&#8221;Open Sans|Cormorant_weight||on|||||&#8221; title_text_color=&#8221;#FFFFFF&#8221; title_font_size=&#8221;14px&#8221; title_letter_spacing=&#8221;1px&#8221; title_line_height=&#8221;1.4em&#8221; custom_margin=&#8221;||10px||false|false&#8221; title_font_size_tablet=&#8221;13px&#8221; title_font_size_phone=&#8221;13px&#8221; title_font_size_last_edited=&#8221;on|desktop&#8221; locked=&#8221;off&#8221; global_colors_info=&#8221;{}&#8221;][\/et_pb_heading][et_pb_heading title=&#8221;Vi tek p\u00e5 oss oppdrag for verksemder og private&#8221; _builder_version=&#8221;4.24.2&#8243; _module_preset=&#8221;ddeb8c09-9078-4424-bc15-2efb6572e28e&#8221; title_font=&#8221;Cormorant|Cormorant_weight|||||||&#8221; title_text_color=&#8221;#FFFFFF&#8221; title_font_size=&#8221;72px&#8221; title_line_height=&#8221;1.15em&#8221; title_font_size_tablet=&#8221;40px&#8221; title_font_size_phone=&#8221;24px&#8221; title_font_size_last_edited=&#8221;on|phone&#8221; locked=&#8221;off&#8221; global_colors_info=&#8221;{}&#8221;][\/et_pb_heading][et_pb_text quote_border_color=&#8221;#FFFFFF&#8221; _builder_version=&#8221;4.25.2&#8243; _module_preset=&#8221;0504de1e-f5ff-4281-ba60-cbbe4edf98bc&#8221; text_font=&#8221;Open Sans|Open Sans_weight|||||||&#8221; text_text_color=&#8221;#FFFFFF&#8221; text_font_size=&#8221;16px&#8221; text_line_height=&#8221;1.75em&#8221; link_font=&#8221;||||on||||&#8221; link_text_color=&#8221;#FFFFFF&#8221; quote_font=&#8221;Cormorant|Cormorant_weight|||||||&#8221; quote_text_color=&#8221;#FFFFFF&#8221; header_font=&#8221;Cormorant|Cormorant_weight|||||||&#8221; header_text_color=&#8221;#FFFFFF&#8221; header_font_size=&#8221;72px&#8221; header_line_height=&#8221;1.15em&#8221; header_2_font=&#8221;Cormorant|Cormorant_weight|||||||&#8221; header_2_text_color=&#8221;#FFFFFF&#8221; header_2_font_size=&#8221;50px&#8221; header_2_line_height=&#8221;1.2em&#8221; header_3_font=&#8221;Cormorant|Cormorant_weight|||||||&#8221; header_3_text_color=&#8221;#FFFFFF&#8221; header_3_font_size=&#8221;32px&#8221; header_3_line_height=&#8221;1.3em&#8221; header_4_font=&#8221;Cormorant|Cormorant_weight|||||||&#8221; header_4_text_color=&#8221;#FFFFFF&#8221; header_4_font_size=&#8221;24px&#8221; header_4_line_height=&#8221;1.4em&#8221; header_5_font=&#8221;Cormorant|Cormorant_weight|||||||&#8221; header_5_text_color=&#8221;#FFFFFF&#8221; header_5_font_size=&#8221;18px&#8221; header_5_line_height=&#8221;1.4em&#8221; header_6_font=&#8221;Cormorant|Cormorant_weight|||||||&#8221; header_6_text_color=&#8221;#FFFFFF&#8221; header_6_line_height=&#8221;1.5em&#8221; custom_margin=&#8221;||||false|false&#8221; text_font_size_tablet=&#8221;15px&#8221; text_font_size_phone=&#8221;14px&#8221; text_font_size_last_edited=&#8221;on|phone&#8221; header_font_size_tablet=&#8221;40px&#8221; header_font_size_phone=&#8221;24px&#8221; header_font_size_last_edited=&#8221;on|desktop&#8221; header_2_font_size_tablet=&#8221;28px&#8221; header_2_font_size_phone=&#8221;20px&#8221; header_2_font_size_last_edited=&#8221;on|phone&#8221; header_3_font_size_tablet=&#8221;22px&#8221; header_3_font_size_phone=&#8221;17px&#8221; header_3_font_size_last_edited=&#8221;on|phone&#8221; header_4_font_size_tablet=&#8221;18px&#8221; header_4_font_size_phone=&#8221;15px&#8221; header_4_font_size_last_edited=&#8221;on|tablet&#8221; header_5_font_size_tablet=&#8221;15px&#8221; header_5_font_size_phone=&#8221;14px&#8221; header_5_font_size_last_edited=&#8221;on|desktop&#8221; header_6_font_size_tablet=&#8221;13px&#8221; header_6_font_size_phone=&#8221;13px&#8221; header_6_font_size_last_edited=&#8221;on|desktop&#8221; locked=&#8221;off&#8221; global_colors_info=&#8221;{}&#8221;]<\/p>\n<p>M\u00e5lsetninga v\u00e5r er \u00e5 levere tjenester av god kvalitet i eit bredt spekter, slik at verksemder og privatpersonar kan f\u00e5 hjelp til det ein ikkje rekk i kvardagen.<\/p>\n<p>[\/et_pb_text][\/et_pb_column][et_pb_column type=&#8221;1_3&#8243; _builder_version=&#8221;4.16&#8243; _module_preset=&#8221;73121f80-a3ef-4484-8763-c3f18e3c56d2&#8243; global_colors_info=&#8221;{}&#8221;][\/et_pb_column][\/et_pb_row][\/et_pb_section][et_pb_section fb_built=&#8221;1&#8243; admin_label=&#8221;Person Biography&#8221; _builder_version=&#8221;4.24.3&#8243; _module_preset=&#8221;default&#8221; global_colors_info=&#8221;{}&#8221;][et_pb_row custom_padding_last_edited=&#8221;on|desktop&#8221; _builder_version=&#8221;4.24.3&#8243; _module_preset=&#8221;c9cfaba2-2263-4f35-8227-8d16ca8bd1cc&#8221; background_color=&#8221;#FFFFFF&#8221; custom_padding=&#8221;60px|60px|60px|60px|true|true&#8221; custom_padding_tablet=&#8221;30px|30px|30px|30px|true|true&#8221; custom_padding_phone=&#8221;20px|20px|20px|20px|true|true&#8221; box_shadow_style=&#8221;preset3&#8243; box_shadow_vertical=&#8221;24px&#8221; box_shadow_blur=&#8221;72px&#8221; box_shadow_spread=&#8221;-12px&#8221; box_shadow_color=&#8221;rgba(0,0,0,0.12)&#8221; global_colors_info=&#8221;{}&#8221;][et_pb_column type=&#8221;4_4&#8243; _builder_version=&#8221;4.24.3&#8243; _module_preset=&#8221;default&#8221; global_colors_info=&#8221;{}&#8221;][et_pb_image src=&#8221;https:\/\/kvvt.no\/wp-content\/uploads\/2024\/06\/IMG_6618-scaled.jpg&#8221; title_text=&#8221;IMG_6618&#8243; align=&#8221;center&#8221; _builder_version=&#8221;4.25.2&#8243; _module_preset=&#8221;1cc6152f-565c-4c4d-b0c9-cf8c9576c341&#8243; max_width=&#8221;140px&#8221; hover_enabled=&#8221;0&#8243; border_radii=&#8221;on|100px|100px|100px|100px&#8221; box_shadow_style=&#8221;preset3&#8243; box_shadow_vertical=&#8221;40px&#8221; box_shadow_blur=&#8221;112px&#8221; box_shadow_spread=&#8221;-24px&#8221; box_shadow_color=&#8221;rgba(0,0,0,0.12)&#8221; global_colors_info=&#8221;{}&#8221; sticky_enabled=&#8221;0&#8243;][\/et_pb_image][et_pb_heading title=&#8221;Vova Bakalo &#8211; Alltid blid og med arbeidsmoral av st\u00e5l&#8221; _builder_version=&#8221;4.25.2&#8243; _module_preset=&#8221;ba4a6336-701f-47b8-bf5c-09da0ce28016&#8243; title_level=&#8221;h3&#8243; title_font=&#8221;Cormorant|Cormorant_weight|||||||&#8221; title_text_align=&#8221;center&#8221; title_text_color=&#8221;#0e0c19&#8243; title_font_size=&#8221;32px&#8221; title_line_height=&#8221;1.3em&#8221; custom_margin=&#8221;||10px||false|false&#8221; title_font_size_tablet=&#8221;22px&#8221; title_font_size_phone=&#8221;17px&#8221; title_font_size_last_edited=&#8221;on|phone&#8221; global_colors_info=&#8221;{}&#8221;][\/et_pb_heading][et_pb_text _builder_version=&#8221;4.25.2&#8243; _module_preset=&#8221;default&#8221; text_orientation=&#8221;center&#8221; global_colors_info=&#8221;{}&#8221;]<\/p>\n<p>Vova Bakalo kom til Kviteseid i 2022 og har sidan den gong hatt ei rekkje oppdrag som inkluderar m\u00e5ling, sm\u00e5 snekring, bytting av d\u00f8rer etc.<\/p>\n<p>Vova har ogs\u00e5 bakgrunn som trafikkpoliti og landbruksmekaniker i Ukraina, og har tatt arbeidsvarslingskurs for \u00e5 kunne ta p\u00e5 seg oppdrag innan drift og veldikehald langs Norske vegar.<\/p>\n<p>Vova har stor interesse for plante og matproduksjon, og har mykje erfaring med dette.<\/p>\n<p>[\/et_pb_text][\/et_pb_column][\/et_pb_row][\/et_pb_section][et_pb_section fb_built=&#8221;1&#8243; admin_label=&#8221;Person Biography&#8221; _builder_version=&#8221;4.24.3&#8243; _module_preset=&#8221;default&#8221; global_colors_info=&#8221;{}&#8221;][et_pb_row custom_padding_last_edited=&#8221;on|desktop&#8221; _builder_version=&#8221;4.24.3&#8243; _module_preset=&#8221;c9cfaba2-2263-4f35-8227-8d16ca8bd1cc&#8221; background_color=&#8221;#FFFFFF&#8221; custom_padding=&#8221;60px|60px|60px|60px|true|true&#8221; custom_padding_tablet=&#8221;30px|30px|30px|30px|true|true&#8221; custom_padding_phone=&#8221;20px|20px|20px|20px|true|true&#8221; box_shadow_style=&#8221;preset3&#8243; box_shadow_vertical=&#8221;24px&#8221; box_shadow_blur=&#8221;72px&#8221; box_shadow_spread=&#8221;-12px&#8221; box_shadow_color=&#8221;rgba(0,0,0,0.12)&#8221; global_colors_info=&#8221;{}&#8221;][et_pb_column type=&#8221;4_4&#8243; _builder_version=&#8221;4.24.3&#8243; _module_preset=&#8221;default&#8221; global_colors_info=&#8221;{}&#8221;][et_pb_image src=&#8221;https:\/\/kvvt.no\/wp-content\/uploads\/2024\/06\/IMG_6617-scaled.jpg&#8221; title_text=&#8221;IMG_6617&#8243; align=&#8221;center&#8221; _builder_version=&#8221;4.25.2&#8243; _module_preset=&#8221;1cc6152f-565c-4c4d-b0c9-cf8c9576c341&#8243; max_width=&#8221;140px&#8221; hover_enabled=&#8221;0&#8243; border_radii=&#8221;on|100px|100px|100px|100px&#8221; box_shadow_style=&#8221;preset3&#8243; box_shadow_vertical=&#8221;40px&#8221; box_shadow_blur=&#8221;112px&#8221; box_shadow_spread=&#8221;-24px&#8221; box_shadow_color=&#8221;rgba(0,0,0,0.12)&#8221; global_colors_info=&#8221;{}&#8221; sticky_enabled=&#8221;0&#8243;][\/et_pb_image][et_pb_heading title=&#8221;Yurii Tsaruk &#8211; Roleg og kvalitetsbevisst &#8221; _builder_version=&#8221;4.25.2&#8243; _module_preset=&#8221;ba4a6336-701f-47b8-bf5c-09da0ce28016&#8243; title_level=&#8221;h3&#8243; title_font=&#8221;Cormorant|Cormorant_weight|||||||&#8221; title_text_align=&#8221;center&#8221; title_text_color=&#8221;#0e0c19&#8243; title_font_size=&#8221;32px&#8221; title_line_height=&#8221;1.3em&#8221; custom_margin=&#8221;||10px||false|false&#8221; title_font_size_tablet=&#8221;22px&#8221; title_font_size_phone=&#8221;17px&#8221; title_font_size_last_edited=&#8221;on|phone&#8221; global_colors_info=&#8221;{}&#8221;][\/et_pb_heading][et_pb_text _builder_version=&#8221;4.25.2&#8243; _module_preset=&#8221;default&#8221; text_orientation=&#8221;center&#8221; global_colors_info=&#8221;{}&#8221;]<\/p>\n<p>Yurii Tsaruk kom til Kviteseid i 2022 og har jobba med leveranse av ulike vaktmestertjenester. Han har gjort litt t\u00f8mrar arbeid, snorydding, taktekking og liknande.\u00a0<\/p>\n<p>Yurii har bakgrunn innan metall- og sveisearbeid der han har vore p\u00e5 store verft rundt om i Europe og drive med platesveising. Han har ogs\u00e5 god erfaring innan t\u00f8mring, m\u00e5ling og flislegging, og har fleire prosjekt \u00e5 vise til. Yurii har ikkje formalkompetanse innan dette, men vil kunne levere god kvalitet p\u00e5 mindre prosjekt.<\/p>\n<p>[\/et_pb_text][\/et_pb_column][\/et_pb_row][\/et_pb_section][et_pb_section fb_built=&#8221;1&#8243; admin_label=&#8221;Services&#8221; _builder_version=&#8221;4.17.6&#8243; _module_preset=&#8221;default&#8221; locked=&#8221;off&#8221; collapsed=&#8221;on&#8221; global_colors_info=&#8221;{}&#8221;][et_pb_row _builder_version=&#8221;4.17.6&#8243; _module_preset=&#8221;5138c454-be54-4233-bd3b-f8e6a8747976&#8243; global_colors_info=&#8221;{}&#8221;][et_pb_column type=&#8221;4_4&#8243; _builder_version=&#8221;4.17.3&#8243; _module_preset=&#8221;73121f80-a3ef-4484-8763-c3f18e3c56d2&#8243; global_colors_info=&#8221;{}&#8221;][et_pb_heading title=&#8221;V\u00e5re kapasitetar&#8221; _builder_version=&#8221;4.24.3&#8243; _module_preset=&#8221;c33f07d9-41e0-421a-8799-5799df695cce&#8221; title_level=&#8221;h2&#8243; title_font=&#8221;Cormorant|Cormorant_weight|||||||&#8221; title_text_color=&#8221;#0e0c19&#8243; title_font_size=&#8221;50px&#8221; title_line_height=&#8221;1.2em&#8221; custom_margin=&#8221;||10px||false|false&#8221; title_font_size_tablet=&#8221;28px&#8221; title_font_size_phone=&#8221;20px&#8221; title_font_size_last_edited=&#8221;on|phone&#8221; locked=&#8221;off&#8221; global_colors_info=&#8221;{}&#8221;][\/et_pb_heading][\/et_pb_column][\/et_pb_row][et_pb_row column_structure=&#8221;1_2,1_2&#8243; _builder_version=&#8221;4.17.6&#8243; _module_preset=&#8221;5138c454-be54-4233-bd3b-f8e6a8747976&#8243; global_colors_info=&#8221;{}&#8221;][et_pb_column type=&#8221;1_2&#8243; _builder_version=&#8221;4.17.3&#8243; _module_preset=&#8221;73121f80-a3ef-4484-8763-c3f18e3c56d2&#8243; global_colors_info=&#8221;{}&#8221;][et_pb_image src=&#8221;https:\/\/kvvt.no\/wp-content\/uploads\/2024\/06\/IMG_2965-scaled.jpg&#8221; title_text=&#8221;IMG_2965&#8243; _builder_version=&#8221;4.25.2&#8243; _module_preset=&#8221;6ed8fd5c-62c5-4100-98c3-7b8b6d2c2ee6&#8243; border_radii=&#8221;on|6px|6px|6px|6px&#8221; locked=&#8221;off&#8221; global_colors_info=&#8221;{}&#8221;][\/et_pb_image][\/et_pb_column][et_pb_column type=&#8221;1_2&#8243; _builder_version=&#8221;4.17.3&#8243; _module_preset=&#8221;73121f80-a3ef-4484-8763-c3f18e3c56d2&#8243; custom_padding=&#8221;20px||||false|false&#8221; global_colors_info=&#8221;{}&#8221;][et_pb_heading title=&#8221;Utstyr og tjenester&#8221; _builder_version=&#8221;4.25.2&#8243; _module_preset=&#8221;8c21dae4-c59d-4c2b-958c-0e045c7f06d6&#8243; title_level=&#8221;h4&#8243; title_font=&#8221;Cormorant|Cormorant_weight|||||||&#8221; title_text_color=&#8221;#0e0c19&#8243; title_font_size=&#8221;24px&#8221; title_line_height=&#8221;1.4em&#8221; custom_margin=&#8221;||10px||false|false&#8221; custom_padding=&#8221;0px|||||&#8221; title_font_size_tablet=&#8221;18px&#8221; title_font_size_phone=&#8221;15px&#8221; title_font_size_last_edited=&#8221;on|desktop&#8221; locked=&#8221;off&#8221; global_colors_info=&#8221;{}&#8221;][\/et_pb_heading][et_pb_text quote_border_color=&#8221;#588157&#8243; _builder_version=&#8221;4.24.3&#8243; _module_preset=&#8221;2c55a9c4-feed-423b-9edb-ae0b5b365cac&#8221; text_font=&#8221;Open Sans|Open Sans_weight|||||||&#8221; text_text_color=&#8221;#3c3a47&#8243; text_font_size=&#8221;16px&#8221; text_line_height=&#8221;1.75em&#8221; link_font=&#8221;|Open Sans_weight|||||||&#8221; link_text_color=&#8221;#344e41&#8243; quote_font=&#8221;Cormorant|Cormorant_weight|||||||&#8221; quote_text_color=&#8221;#0e0c19&#8243; header_font=&#8221;Cormorant|Cormorant_weight|||||||&#8221; header_text_color=&#8221;#0e0c19&#8243; header_font_size=&#8221;72px&#8221; header_line_height=&#8221;1.15em&#8221; header_2_font=&#8221;Cormorant|Cormorant_weight|||||||&#8221; header_2_text_color=&#8221;#0e0c19&#8243; header_2_font_size=&#8221;50px&#8221; header_2_line_height=&#8221;1.2em&#8221; header_3_font=&#8221;Cormorant|Cormorant_weight|||||||&#8221; header_3_text_color=&#8221;#0e0c19&#8243; header_3_font_size=&#8221;32px&#8221; header_3_line_height=&#8221;1.3em&#8221; header_4_font=&#8221;Cormorant|Cormorant_weight|||||||&#8221; header_4_text_color=&#8221;#0e0c19&#8243; header_4_font_size=&#8221;24px&#8221; header_4_line_height=&#8221;1.4em&#8221; header_5_font=&#8221;Cormorant|Cormorant_weight|||||||&#8221; header_5_text_color=&#8221;#0e0c19&#8243; header_5_font_size=&#8221;18px&#8221; header_5_line_height=&#8221;1.4em&#8221; header_6_font=&#8221;Cormorant|Cormorant_weight|||||||&#8221; header_6_text_color=&#8221;#0e0c19&#8243; header_6_line_height=&#8221;1.5em&#8221; custom_margin=&#8221;||||false|false&#8221; text_font_size_tablet=&#8221;15px&#8221; text_font_size_phone=&#8221;14px&#8221; text_font_size_last_edited=&#8221;on|phone&#8221; header_font_size_tablet=&#8221;40px&#8221; header_font_size_phone=&#8221;24px&#8221; header_font_size_last_edited=&#8221;on|desktop&#8221; header_2_font_size_tablet=&#8221;28px&#8221; header_2_font_size_phone=&#8221;20px&#8221; header_2_font_size_last_edited=&#8221;on|phone&#8221; header_3_font_size_tablet=&#8221;22px&#8221; header_3_font_size_phone=&#8221;17px&#8221; header_3_font_size_last_edited=&#8221;on|phone&#8221; header_4_font_size_tablet=&#8221;18px&#8221; header_4_font_size_phone=&#8221;15px&#8221; header_4_font_size_last_edited=&#8221;on|tablet&#8221; header_5_font_size_tablet=&#8221;15px&#8221; header_5_font_size_phone=&#8221;14px&#8221; header_5_font_size_last_edited=&#8221;on|desktop&#8221; header_6_font_size_tablet=&#8221;13px&#8221; header_6_font_size_phone=&#8221;13px&#8221; header_6_font_size_last_edited=&#8221;on|desktop&#8221; locked=&#8221;off&#8221; global_colors_info=&#8221;{}&#8221;]<\/p>\n<p>Kviteseid Vaktmestertjenester har utstyr til \u00e5 utf\u00f8re arbeid innan trefelling &#8211; og beskjering, vegvedlikehald med traktor sumar og vinter, fasadevask og skraping, m\u00e5ling innvendig og utvendig, enkle t\u00f8mrar oppdrag, sveising og reparasjonar og byggeplass rydding.\u00a0<\/p>\n<p>V\u00e5r m\u00e5lsetning er \u00e5 tilby ein stabil og profesjonell partner for sm\u00e5 oppdrag i Kviteseid og omegn. Vi arbeidar b\u00e5de med verksemder og private for \u00e5 l\u00f8yse dei behov dei m\u00e5tte ha.\u00a0<\/p>\n<p>Ta kontakt p\u00e5 mail for gratis konsultasjon.\u00a0<\/p>\n<p>&nbsp;<\/p>\n<p>[\/et_pb_text][\/et_pb_column][\/et_pb_row][\/et_pb_section][et_pb_section fb_built=&#8221;1&#8243; admin_label=&#8221;Contact&#8221; _builder_version=&#8221;4.18.0&#8243; _module_preset=&#8221;default&#8221; locked=&#8221;off&#8221; collapsed=&#8221;on&#8221; global_colors_info=&#8221;{}&#8221;][et_pb_row _builder_version=&#8221;4.18.0&#8243; _module_preset=&#8221;5138c454-be54-4233-bd3b-f8e6a8747976&#8243; custom_padding=&#8221;||0px|||&#8221; global_colors_info=&#8221;{}&#8221;][et_pb_column type=&#8221;4_4&#8243; _builder_version=&#8221;4.16&#8243; _module_preset=&#8221;73121f80-a3ef-4484-8763-c3f18e3c56d2&#8243; global_colors_info=&#8221;{}&#8221;][et_pb_heading title=&#8221;Ta kontakt&#8221; _builder_version=&#8221;4.24.3&#8243; _module_preset=&#8221;ddeb8c09-9078-4424-bc15-2efb6572e28e&#8221; title_font=&#8221;Cormorant|Cormorant_weight|||||||&#8221; title_text_color=&#8221;#0e0c19&#8243; title_font_size=&#8221;72px&#8221; title_line_height=&#8221;1.15em&#8221; title_font_size_tablet=&#8221;40px&#8221; title_font_size_phone=&#8221;24px&#8221; title_font_size_last_edited=&#8221;on|phone&#8221; global_colors_info=&#8221;{}&#8221;][\/et_pb_heading][\/et_pb_column][\/et_pb_row][et_pb_row column_structure=&#8221;2_5,3_5&#8243; _builder_version=&#8221;4.18.0&#8243; _module_preset=&#8221;5138c454-be54-4233-bd3b-f8e6a8747976&#8243; locked=&#8221;off&#8221; global_colors_info=&#8221;{}&#8221;][et_pb_column type=&#8221;2_5&#8243; _builder_version=&#8221;4.18.0&#8243; _module_preset=&#8221;73121f80-a3ef-4484-8763-c3f18e3c56d2&#8243; global_colors_info=&#8221;{}&#8221;][et_pb_blurb title=&#8221;Kviteseidvegen 648B, 3850 Kviteseid&#8221; use_icon=&#8221;on&#8221; font_icon=&#8221;&#xe081;||divi||400&#8243; icon_color=&#8221;#FFFFFF&#8221; image_icon_background_color=&#8221;#344e41&#8243; icon_placement=&#8221;left&#8221; image_icon_width=&#8221;16px&#8221; content_max_width=&#8221;100%&#8221; module_class=&#8221;ai_ignore_all&#8221; _builder_version=&#8221;4.25.2&#8243; _module_preset=&#8221;851c879b-1a0d-46d0-98f5-a2b2a6829e53&#8243; header_font=&#8221;Cormorant|Cormorant_weight|||||||&#8221; header_text_color=&#8221;#0e0c19&#8243; header_font_size=&#8221;14px&#8221; header_line_height=&#8221;1.5em&#8221; body_font=&#8221;Open Sans|Open Sans_weight|||||||&#8221; body_text_color=&#8221;#3c3a47&#8243; body_line_height=&#8221;1.75em&#8221; body_link_text_color=&#8221;#344e41&#8243; image_icon_custom_margin=&#8221;||||false&#8221; image_icon_custom_padding=&#8221;8px|8px|8px|8px|true|true&#8221; header_font_size_tablet=&#8221;13px&#8221; header_font_size_phone=&#8221;13px&#8221; header_font_size_last_edited=&#8221;off|desktop&#8221; body_font_size_tablet=&#8221;15px&#8221; body_font_size_phone=&#8221;14px&#8221; body_font_size_last_edited=&#8221;off|phone&#8221; border_radii_image=&#8221;on|40px|40px|40px|40px&#8221; global_colors_info=&#8221;{}&#8221;][\/et_pb_blurb][et_pb_blurb title=&#8221;post@kvvt.no&#8221; use_icon=&#8221;on&#8221; font_icon=&#8221;&#xf199;||fa||900&#8243; icon_color=&#8221;#FFFFFF&#8221; image_icon_background_color=&#8221;#344e41&#8243; icon_placement=&#8221;left&#8221; image_icon_width=&#8221;16px&#8221; content_max_width=&#8221;100%&#8221; _builder_version=&#8221;4.25.2&#8243; _module_preset=&#8221;851c879b-1a0d-46d0-98f5-a2b2a6829e53&#8243; header_font=&#8221;Cormorant|Cormorant_weight|||||||&#8221; header_text_color=&#8221;#0e0c19&#8243; header_font_size=&#8221;14px&#8221; header_line_height=&#8221;1.5em&#8221; body_font=&#8221;Open Sans|Open Sans_weight|||||||&#8221; body_text_color=&#8221;#3c3a47&#8243; body_line_height=&#8221;1.75em&#8221; body_link_text_color=&#8221;#344e41&#8243; image_icon_custom_margin=&#8221;||||false&#8221; image_icon_custom_padding=&#8221;8px|8px|8px|8px|true|true&#8221; header_font_size_tablet=&#8221;13px&#8221; header_font_size_phone=&#8221;13px&#8221; header_font_size_last_edited=&#8221;off|desktop&#8221; body_font_size_tablet=&#8221;15px&#8221; body_font_size_phone=&#8221;14px&#8221; body_font_size_last_edited=&#8221;off|phone&#8221; border_radii_image=&#8221;on|40px|40px|40px|40px&#8221; global_colors_info=&#8221;{}&#8221;][\/et_pb_blurb][et_pb_blurb title=&#8221;93923879&#8243; use_icon=&#8221;on&#8221; font_icon=&#8221;&#xf879;||fa||900&#8243; icon_color=&#8221;#FFFFFF&#8221; image_icon_background_color=&#8221;#344e41&#8243; icon_placement=&#8221;left&#8221; image_icon_width=&#8221;16px&#8221; content_max_width=&#8221;100%&#8221; _builder_version=&#8221;4.25.2&#8243; _module_preset=&#8221;851c879b-1a0d-46d0-98f5-a2b2a6829e53&#8243; header_font=&#8221;Cormorant|Cormorant_weight|||||||&#8221; header_text_color=&#8221;#0e0c19&#8243; header_font_size=&#8221;14px&#8221; header_line_height=&#8221;1.5em&#8221; body_font=&#8221;Open Sans|Open Sans_weight|||||||&#8221; body_text_color=&#8221;#3c3a47&#8243; body_line_height=&#8221;1.75em&#8221; body_link_text_color=&#8221;#344e41&#8243; image_icon_custom_margin=&#8221;||||false&#8221; image_icon_custom_padding=&#8221;8px|8px|8px|8px|true|true&#8221; header_font_size_tablet=&#8221;13px&#8221; header_font_size_phone=&#8221;13px&#8221; header_font_size_last_edited=&#8221;off|desktop&#8221; body_font_size_tablet=&#8221;15px&#8221; body_font_size_phone=&#8221;14px&#8221; body_font_size_last_edited=&#8221;off|phone&#8221; border_radii_image=&#8221;on|40px|40px|40px|40px&#8221; global_colors_info=&#8221;{}&#8221;][\/et_pb_blurb][\/et_pb_column][et_pb_column type=&#8221;3_5&#8243; _builder_version=&#8221;4.18.0&#8243; _module_preset=&#8221;73121f80-a3ef-4484-8763-c3f18e3c56d2&#8243; global_colors_info=&#8221;{}&#8221;][\/et_pb_column][\/et_pb_row][\/et_pb_section]<\/p>\n","protected":false},"excerpt":{"rendered":"<p>M\u00e5lsetninga v\u00e5r er \u00e5 levere tjenester av god kvalitet i eit bredt spekter, slik at verksemder og privatpersonar kan f\u00e5 hjelp til det ein ikkje rekk i kvardagen.Vova Bakalo kom til Kviteseid i 2022 og har sidan den gong hatt ei rekkje oppdrag som inkluderar m\u00e5ling, sm\u00e5 snekring, bytting av d\u00f8rer etc. Vova har ogs\u00e5 [&hellip;]<\/p>\n","protected":false},"author":1,"featured_media":55,"parent":0,"menu_order":0,"comment_status":"closed","ping_status":"closed","template":"","meta":{"_et_pb_use_builder":"on","_et_pb_old_content":"<!-- wp:paragraph -->\n<p>This is an example page. It's different from a blog post because it will stay in one place and will show up in your site navigation (in most themes). Most people start with an About page that introduces them to potential site visitors. It might say something like this:<\/p>\n<!-- \/wp:paragraph -->\n\n<!-- wp:quote -->\n<blockquote class=\"wp-block-quote\"><!-- wp:paragraph -->\n<p>Hi there! I'm a bike messenger by day, aspiring actor by night, and this is my website. I live in Los Angeles, have a great dog named Jack, and I like pi\u00f1a coladas. (And gettin' caught in the rain.)<\/p>\n<!-- \/wp:paragraph --><\/blockquote>\n<!-- \/wp:quote -->\n\n<!-- wp:paragraph -->\n<p>...or something like this:<\/p>\n<!-- \/wp:paragraph -->\n\n<!-- wp:quote -->\n<blockquote class=\"wp-block-quote\"><!-- wp:paragraph -->\n<p>The XYZ Doohickey Company was founded in 1971, and has been providing quality doohickeys to the public ever since. Located in Gotham City, XYZ employs over 2,000 people and does all kinds of awesome things for the Gotham community.<\/p>\n<!-- \/wp:paragraph --><\/blockquote>\n<!-- \/wp:quote -->\n\n<!-- wp:paragraph -->\n<p>As a new WordPress user, you should go to <a href=\"http:\/\/kvvt.no\/wp-admin\/\">your dashboard<\/a> to delete this page and create new pages for your content. Have fun!<\/p>\n<!-- \/wp:paragraph -->","_et_gb_content_width":"","footnotes":""},"class_list":["post-2","page","type-page","status-publish","has-post-thumbnail","hentry"],"_links":{"self":[{"href":"https:\/\/kvvt.no\/index.php?rest_route=\/wp\/v2\/pages\/2","targetHints":{"allow":["GET"]}}],"collection":[{"href":"https:\/\/kvvt.no\/index.php?rest_route=\/wp\/v2\/pages"}],"about":[{"href":"https:\/\/kvvt.no\/index.php?rest_route=\/wp\/v2\/types\/page"}],"author":[{"embeddable":true,"href":"https:\/\/kvvt.no\/index.php?rest_route=\/wp\/v2\/users\/1"}],"replies":[{"embeddable":true,"href":"https:\/\/kvvt.no\/index.php?rest_route=%2Fwp%2Fv2%2Fcomments&post=2"}],"version-history":[{"count":9,"href":"https:\/\/kvvt.no\/index.php?rest_route=\/wp\/v2\/pages\/2\/revisions"}],"predecessor-version":[{"id":73,"href":"https:\/\/kvvt.no\/index.php?rest_route=\/wp\/v2\/pages\/2\/revisions\/73"}],"wp:featuredmedia":[{"embeddable":true,"href":"https:\/\/kvvt.no\/index.php?rest_route=\/wp\/v2\/media\/55"}],"wp:attachment":[{"href":"https:\/\/kvvt.no\/index.php?rest_route=%2Fwp%2Fv2%2Fmedia&parent=2"}],"curies":[{"name":"wp","href":"https:\/\/api.w.org\/{rel}","templated":true}]}}